{"id":1071,"date":"2015-12-14T07:14:55","date_gmt":"2015-12-14T07:14:55","guid":{"rendered":"http:\/\/consulting.stylemixthemes.com\/?page_id=2"},"modified":"2021-11-16T10:53:52","modified_gmt":"2021-11-16T13:53:52","slug":"sample-page-2","status":"publish","type":"page","link":"https:\/\/www.metrus.org.br\/maissaber\/","title":{"rendered":"home"},"content":{"rendered":"<p>[vc_row css=&#8221;.vc_custom_1461323979118{margin-bottom: 61px !important;}&#8221;][vc_column offset=&#8221;vc_hidden-xs&#8221;][stm_spacing lg_spacing=&#8221;186px&#8221; md_spacing=&#8221;186px&#8221; sm_spacing=&#8221;186px&#8221;][\/vc_column][\/vc_row][vc_row full_width=&#8221;stretch_row_content&#8221; css=&#8221;.vc_custom_1543855379892{background-image: url(https:\/\/www.metrus.org.br\/maissaber\/wp-content\/uploads\/2018\/12\/_0_.jpg?id=2274) !important;}&#8221;][vc_column width=&#8221;5\/6&#8243; offset=&#8221;vc_hidden-md vc_hidden-sm vc_hidden-xs&#8221;][vc_empty_space height=&#8221;50px&#8221;][vc_custom_heading text=&#8221;PROGRAMA DE EDUCA\u00c7\u00c3O<br \/>\nFINANCEIRA E PREVIDENCI\u00c1RIA&#8221; font_container=&#8221;tag:h2|font_size:50px|text_align:left|color:%23ffffff&#8221; google_fonts=&#8221;font_family:Indie%20Flower%3Aregular|font_style:400%20regular%3A400%3Anormal&#8221; css=&#8221;.vc_custom_1501728354860{padding-left: 400px !important;}&#8221;][vc_custom_heading text=&#8221;Voc\u00ea est\u00e1 no site do Programa +Saber | De bem com o bolso, desenvolvido pelo Metrus. Aqui voc\u00ea encontra informa\u00e7\u00f5es que v\u00e3o ajuda-lo tomar as melhores decis\u00f5es para sua vida financeira e para o seu planejamento previdenci\u00e1rio.<br \/>\nAproveite, este site foi feito para voc\u00ea!&#8221; font_container=&#8221;tag:p|font_size:20px|text_align:left|color:%23f0b017&#8243; google_fonts=&#8221;font_family:Indie%20Flower%3Aregular|font_style:400%20regular%3A400%3Anormal&#8221; css=&#8221;.vc_custom_1501876200531{padding-left: 400px !important;}&#8221;][vc_empty_space height=&#8221;50px&#8221;][\/vc_column][\/vc_row][vc_row full_width=&#8221;stretch_row_content&#8221; css=&#8221;.vc_custom_1543855396888{background-image: url(https:\/\/www.metrus.org.br\/maissaber\/wp-content\/uploads\/2018\/12\/_0_.jpg?id=2274) !important;}&#8221;][vc_column offset=&#8221;vc_hidden-lg&#8221;][vc_empty_space height=&#8221;50px&#8221;][vc_custom_heading text=&#8221;PROGRAMA DE EDUCA\u00c7\u00c3O<br \/>\nFINANCEIRA E PREVIDENCI\u00c1RIA&#8221; font_container=&#8221;tag:h2|font_size:50px|text_align:left|color:%23ffffff&#8221; google_fonts=&#8221;font_family:Indie%20Flower%3Aregular|font_style:400%20regular%3A400%3Anormal&#8221;][vc_custom_heading text=&#8221;Voc\u00ea est\u00e1 no site do Programa +Saber | De bem com o bolso, desenvolvido pelo Metrus. Aqui voc\u00ea encontra informa\u00e7\u00f5es que v\u00e3o ajuda-lo tomar as melhores decis\u00f5es para sua vida financeira e para o seu planejamento previdenci\u00e1rio.<br \/>\nAproveite, este site foi feito para voc\u00ea!&#8221; font_container=&#8221;tag:p|font_size:20px|text_align:left|color:%23f0b017&#8243; google_fonts=&#8221;font_family:Indie%20Flower%3Aregular|font_style:400%20regular%3A400%3Anormal&#8221;][vc_empty_space height=&#8221;50px&#8221;][\/vc_column][\/vc_row][vc_row full_width=&#8221;stretch_row&#8221; css=&#8221;.vc_custom_1531518748362{margin-top: 0px !important;background-color: #f7f7f7 !important;}&#8221;][vc_column 0=&#8221;&#8221;][vc_text_separator title=&#8221;Destaques&#8221; title_align=&#8221;separator_align_left&#8221; align=&#8221;align_left&#8221; css=&#8221;.vc_custom_1531518675482{padding-top: 25px !important;padding-bottom: 25px !important;}&#8221;][vc_basic_grid post_type=&#8221;post&#8221; max_items=&#8221;3&#8243; item=&#8221;basicGrid_SlideBottomWithIcon&#8221; grid_id=&#8221;vc_gid:1637070668649-d716398e9154af467ec899a936c596af-8&#8243;][\/vc_column][\/vc_row][vc_row css=&#8221;.vc_custom_1517334925413{margin-left: 50px !important;}&#8221;][vc_column width=&#8221;1\/2&#8243; css=&#8221;.vc_custom_1530661773324{margin-left: -100px !important;}&#8221; offset=&#8221;vc_hidden-md vc_hidden-sm vc_hidden-xs&#8221;][vc_text_separator][vc_custom_heading text=&#8221;V\u00eddeo&#8221; google_fonts=&#8221;font_family:Ubuntu%3A300%2C300italic%2Cregular%2Citalic%2C500%2C500italic%2C700%2C700italic|font_style:400%20regular%3A400%3Anormal&#8221;][vc_raw_html 0=&#8221;&#8221;]JTNDaWZyYW1lJTIwd2lkdGglM0QlMjI1NjAlMjIlMjBoZWlnaHQlM0QlMjIzMTUlMjIlMjBzcmMlM0QlMjJodHRwcyUzQSUyRiUyRnd3dy55b3V0dWJlLmNvbSUyRmVtYmVkJTJGblRkdW1iTHBHT1UlMjIlMjB0aXRsZSUzRCUyMllvdVR1YmUlMjB2aWRlbyUyMHBsYXllciUyMiUyMGZyYW1lYm9yZGVyJTNEJTIyMCUyMiUyMGFsbG93JTNEJTIyYWNjZWxlcm9tZXRlciUzQiUyMGF1dG9wbGF5JTNCJTIwY2xpcGJvYXJkLXdyaXRlJTNCJTIwZW5jcnlwdGVkLW1lZGlhJTNCJTIwZ3lyb3Njb3BlJTNCJTIwcGljdHVyZS1pbi1waWN0dXJlJTIyJTIwYWxsb3dmdWxsc2NyZWVuJTNFJTNDJTJGaWZyYW1lJTNF[\/vc_raw_html][\/vc_column][vc_column width=&#8221;1\/2&#8243; offset=&#8221;vc_hidden-md vc_hidden-sm vc_hidden-xs&#8221;][vc_text_separator][vc_custom_heading text=&#8221;Contato&#8221; google_fonts=&#8221;font_family:Ubuntu%3A300%2C300italic%2Cregular%2Citalic%2C500%2C500italic%2C700%2C700italic|font_style:400%20regular%3A400%3Anormal&#8221;]<div role=\"form\" class=\"wpcf7\" id=\"wpcf7-f1707-o1\" lang=\"pt-BR\" dir=\"ltr\">\n<div class=\"screen-reader-response\"><\/div>\n<form action=\"\/maissaber\/index.php\/wp-json\/wp\/v2\/pages\/1071#wpcf7-f1707-o1\" method=\"post\" class=\"wpcf7-form\" novalidate=\"novalidate\">\n<div style=\"display: none;\">\n<input type=\"hidden\" name=\"_wpcf7\" value=\"1707\" \/>\n<input type=\"hidden\" name=\"_wpcf7_version\" value=\"4.8.1\" \/>\n<input type=\"hidden\" name=\"_wpcf7_locale\" value=\"pt_BR\" \/>\n<input type=\"hidden\" name=\"_wpcf7_unit_tag\" value=\"wpcf7-f1707-o1\" \/>\n<input type=\"hidden\" name=\"_wpcf7_container_post\" value=\"0\" \/>\n<input type=\"hidden\" name=\"_wpcf7_nonce\" value=\"7d36b30c06\" \/>\n<\/div>\n<div class=\"row\">\n<div class=\"col-sm-8\">\n<span class=\"wpcf7-form-control-wrap Nome\"><input type=\"text\" name=\"Nome\" value=\"\" size=\"40\" class=\"wpcf7-form-control wpcf7-text wpcf7-validates-as-required\" id=\"nomeInput\" aria-required=\"true\" aria-invalid=\"false\" placeholder=\"Nome Completo\" \/><\/span><br \/>\n<span class=\"wpcf7-form-control-wrap email\"><input type=\"email\" name=\"email\" value=\"\" size=\"40\" class=\"wpcf7-form-control wpcf7-text wpcf7-email wpcf7-validates-as-required wpcf7-validates-as-email\" aria-required=\"true\" aria-invalid=\"false\" placeholder=\"E-mail\" \/><\/span><br \/>\n<span class=\"wpcf7-form-control-wrap Assunto\"><input type=\"text\" name=\"Assunto\" value=\"\" size=\"40\" class=\"wpcf7-form-control wpcf7-text wpcf7-validates-as-required\" aria-required=\"true\" aria-invalid=\"false\" placeholder=\"Assunto\" \/><\/span><br \/>\n<span class=\"wpcf7-form-control-wrap Mensagem\"><textarea name=\"Mensagem\" cols=\"40\" rows=\"10\" class=\"wpcf7-form-control wpcf7-textarea wpcf7-validates-as-required\" aria-required=\"true\" aria-invalid=\"false\" placeholder=\"Mensagem\"><\/textarea><\/span><br \/>\n<input type=\"submit\" value=\"Enviar\" class=\"wpcf7-form-control wpcf7-submit button size-lg icon_right\" \/><\/p>\n<p>* Todos os campos s\u00e3o obrigat\u00f3rios<\/p>\n<\/div>\n<\/div>\n<p style=\"display: none !important;\"><label>&#916;<textarea name=\"_wpcf7_ak_hp_textarea\" cols=\"45\" rows=\"8\" maxlength=\"100\"><\/textarea><\/label><input type=\"hidden\" id=\"ak_js\" name=\"_wpcf7_ak_js\" value=\"227\"\/><script>document.getElementById( \"ak_js\" ).setAttribute( \"value\", ( new Date() ).getTime() );<\/script><\/p><div class=\"wpcf7-response-output wpcf7-display-none\"><\/div><\/form><\/div>[\/vc_column][\/vc_row][vc_row][vc_column css=&#8221;.vc_custom_1530662302698{margin-left: 0px !important;}&#8221; offset=&#8221;vc_hidden-lg&#8221;][vc_text_separator][vc_custom_heading text=&#8221;V\u00eddeo&#8221; google_fonts=&#8221;font_family:Ubuntu%3A300%2C300italic%2Cregular%2Citalic%2C500%2C500italic%2C700%2C700italic|font_style:400%20regular%3A400%3Anormal&#8221;][vc_raw_html 0=&#8221;&#8221;]JTNDZGl2JTIwY2xhc3MlM0QlMjJ2aWRlby1jb250YWluZXIlMjIlM0UlM0NpZnJhbWUlMjB3aWR0aCUzRCUyMjU2MCUyMiUyMGhlaWdodCUzRCUyMjMxNSUyMiUyMHNyYyUzRCUyMmh0dHBzJTNBJTJGJTJGd3d3LnlvdXR1YmUuY29tJTJGZW1iZWQlMkZqRWRVcWU3SjcxTSUzRnJlbCUzRDAlMjIlMjBmcmFtZWJvcmRlciUzRCUyMjAlMjIlMjBhbGxvd2Z1bGxzY3JlZW4lM0UlM0MlMkZpZnJhbWUlM0UlM0MlMkZkaXYlM0U=[\/vc_raw_html][vc_text_separator][vc_custom_heading text=&#8221;Contato&#8221; google_fonts=&#8221;font_family:Ubuntu%3A300%2C300italic%2Cregular%2Citalic%2C500%2C500italic%2C700%2C700italic|font_style:400%20regular%3A400%3Anormal&#8221;]<div role=\"form\" class=\"wpcf7\" id=\"wpcf7-f1707-o2\" lang=\"pt-BR\" dir=\"ltr\">\n<div class=\"screen-reader-response\"><\/div>\n<form action=\"\/maissaber\/index.php\/wp-json\/wp\/v2\/pages\/1071#wpcf7-f1707-o2\" method=\"post\" class=\"wpcf7-form\" novalidate=\"novalidate\">\n<div style=\"display: none;\">\n<input type=\"hidden\" name=\"_wpcf7\" value=\"1707\" \/>\n<input type=\"hidden\" name=\"_wpcf7_version\" value=\"4.8.1\" \/>\n<input type=\"hidden\" name=\"_wpcf7_locale\" value=\"pt_BR\" \/>\n<input type=\"hidden\" name=\"_wpcf7_unit_tag\" value=\"wpcf7-f1707-o2\" \/>\n<input type=\"hidden\" name=\"_wpcf7_container_post\" value=\"0\" \/>\n<input type=\"hidden\" name=\"_wpcf7_nonce\" value=\"7d36b30c06\" \/>\n<\/div>\n<div class=\"row\">\n<div class=\"col-sm-8\">\n<span class=\"wpcf7-form-control-wrap Nome\"><input type=\"text\" name=\"Nome\" value=\"\" size=\"40\" class=\"wpcf7-form-control wpcf7-text wpcf7-validates-as-required\" id=\"nomeInput\" aria-required=\"true\" aria-invalid=\"false\" placeholder=\"Nome Completo\" \/><\/span><br \/>\n<span class=\"wpcf7-form-control-wrap email\"><input type=\"email\" name=\"email\" value=\"\" size=\"40\" class=\"wpcf7-form-control wpcf7-text wpcf7-email wpcf7-validates-as-required wpcf7-validates-as-email\" aria-required=\"true\" aria-invalid=\"false\" placeholder=\"E-mail\" \/><\/span><br \/>\n<span class=\"wpcf7-form-control-wrap Assunto\"><input type=\"text\" name=\"Assunto\" value=\"\" size=\"40\" class=\"wpcf7-form-control wpcf7-text wpcf7-validates-as-required\" aria-required=\"true\" aria-invalid=\"false\" placeholder=\"Assunto\" \/><\/span><br \/>\n<span class=\"wpcf7-form-control-wrap Mensagem\"><textarea name=\"Mensagem\" cols=\"40\" rows=\"10\" class=\"wpcf7-form-control wpcf7-textarea wpcf7-validates-as-required\" aria-required=\"true\" aria-invalid=\"false\" placeholder=\"Mensagem\"><\/textarea><\/span><br \/>\n<input type=\"submit\" value=\"Enviar\" class=\"wpcf7-form-control wpcf7-submit button size-lg icon_right\" \/><\/p>\n<p>* Todos os campos s\u00e3o obrigat\u00f3rios<\/p>\n<\/div>\n<\/div>\n<p style=\"display: none !important;\"><label>&#916;<textarea name=\"_wpcf7_ak_hp_textarea\" cols=\"45\" rows=\"8\" maxlength=\"100\"><\/textarea><\/label><input type=\"hidden\" id=\"ak_js\" name=\"_wpcf7_ak_js\" value=\"0\"\/><script>document.getElementById( \"ak_js\" ).setAttribute( \"value\", ( new Date() ).getTime() );<\/script><\/p><div class=\"wpcf7-response-output wpcf7-display-none\"><\/div><\/form><\/div>[\/vc_column][\/vc_row]<\/p>\n","protected":false},"excerpt":{"rendered":"<p>[vc_row css=&#8221;.vc_custom_1461323979118{margin-bottom: 61px !important;}&#8221;][vc_column offset=&#8221;vc_hidden-xs&#8221;][stm_spacing lg_spacing=&#8221;186px&#8221; md_spacing=&#8221;186px&#8221; sm_spacing=&#8221;186px&#8221;][\/vc_column][\/vc_row][vc_row full_width=&#8221;stretch_row_content&#8221; css=&#8221;.vc_custom_1543855379892{background-image: url(https:\/\/www.metrus.org.br\/maissaber\/wp-content\/uploads\/2018\/12\/_0_.jpg?id=2274) !important;}&#8221;][vc_column width=&#8221;5\/6&#8243; offset=&#8221;vc_hidden-md vc_hidden-sm vc_hidden-xs&#8221;][vc_empty_space height=&#8221;50px&#8221;][vc_custom_heading text=&#8221;PROGRAMA DE EDUCA\u00c7\u00c3O FINANCEIRA E PREVIDENCI\u00c1RIA&#8221; font_container=&#8221;tag:h2|font_size:50px|text_align:left|color:%23ffffff&#8221; google_fonts=&#8221;font_family:Indie%20Flower%3Aregular|font_style:400%20regular%3A400%3Anormal&#8221; css=&#8221;.vc_custom_1501728354860{padding-left: 400px !important;}&#8221;][vc_custom_heading text=&#8221;Voc\u00ea est\u00e1 no site do Programa +Saber | De bem com o bolso, desenvolvido pelo Metrus. Aqui voc\u00ea encontra informa\u00e7\u00f5es que v\u00e3o ajuda-lo tomar as melhores decis\u00f5es<\/p>\n","protected":false},"author":1,"featured_media":0,"parent":0,"menu_order":0,"comment_status":"closed","ping_status":"closed","template":"","meta":[],"_links":{"self":[{"href":"https:\/\/www.metrus.org.br\/maissaber\/index.php\/wp-json\/wp\/v2\/pages\/1071"}],"collection":[{"href":"https:\/\/www.metrus.org.br\/maissaber\/index.php\/wp-json\/wp\/v2\/pages"}],"about":[{"href":"https:\/\/www.metrus.org.br\/maissaber\/index.php\/wp-json\/wp\/v2\/types\/page"}],"author":[{"embeddable":true,"href":"https:\/\/www.metrus.org.br\/maissaber\/index.php\/wp-json\/wp\/v2\/users\/1"}],"replies":[{"embeddable":true,"href":"https:\/\/www.metrus.org.br\/maissaber\/index.php\/wp-json\/wp\/v2\/comments?post=1071"}],"version-history":[{"count":48,"href":"https:\/\/www.metrus.org.br\/maissaber\/index.php\/wp-json\/wp\/v2\/pages\/1071\/revisions"}],"predecessor-version":[{"id":2324,"href":"https:\/\/www.metrus.org.br\/maissaber\/index.php\/wp-json\/wp\/v2\/pages\/1071\/revisions\/2324"}],"wp:attachment":[{"href":"https:\/\/www.metrus.org.br\/maissaber\/index.php\/wp-json\/wp\/v2\/media?parent=1071"}],"curies":[{"name":"wp","href":"https:\/\/api.w.org\/{rel}","templated":true}]}}