{"id":1721,"date":"2017-08-03T15:32:34","date_gmt":"2017-08-03T18:32:34","guid":{"rendered":"http:\/\/maissaber.orbe.tech\/?page_id=1721"},"modified":"2018-12-03T14:47:41","modified_gmt":"2018-12-03T16:47:41","slug":"programa","status":"publish","type":"page","link":"https:\/\/www.metrus.org.br\/maissaber\/index.php\/programa\/","title":{"rendered":"programa"},"content":{"rendered":"<p>[vc_row full_width=&#8221;stretch_row_content&#8221; css=&#8221;.vc_custom_1543855636101{margin-top: -300px !important;background-image: url(https:\/\/www.metrus.org.br\/maissaber\/wp-content\/uploads\/2018\/12\/_0_.jpg?id=2274) !important;}&#8221;][vc_column width=&#8221;5\/6&#8243; offset=&#8221;vc_hidden-md vc_hidden-sm vc_hidden-xs&#8221;][vc_empty_space 0=&#8221;&#8221; height=&#8221;50px&#8221;][vc_custom_heading text=&#8221;O Programa&#8221; font_container=&#8221;tag:h2|font_size:50px|text_align:left|color:%23ffffff&#8221; google_fonts=&#8221;font_family:Indie%20Flower%3Aregular|font_style:400%20regular%3A400%3Anormal&#8221; css=&#8221;.vc_custom_1501784986626{padding-left: 400px !important;}&#8221;][vc_custom_heading text=&#8221;O programa + Saber | De bem com o bolso vai ajudar voc\u00ea entender melhor como a Educa\u00e7\u00e3o Financeira e Previdenci\u00e1ria pode ajudar voc\u00ea a melhorar sua qualidade de vida no presente e no futuro.&#8221; font_container=&#8221;tag:p|font_size:20px|text_align:left|color:%23f0b017&#8243; google_fonts=&#8221;font_family:Indie%20Flower%3Aregular|font_style:400%20regular%3A400%3Anormal&#8221; css=&#8221;.vc_custom_1501785010400{padding-left: 400px !important;}&#8221;][vc_empty_space height=&#8221;50px&#8221;][\/vc_column][\/vc_row][vc_row full_width=&#8221;stretch_row_content&#8221; css=&#8221;.vc_custom_1543855656050{margin-top: 0px !important;background-image: url(https:\/\/www.metrus.org.br\/maissaber\/wp-content\/uploads\/2018\/12\/_0_.jpg?id=2274) !important;}&#8221;][vc_column width=&#8221;5\/6&#8243; offset=&#8221;vc_hidden-lg&#8221; css=&#8221;.vc_custom_1531517856108{margin-top: 0px !important;}&#8221;][vc_empty_space 0=&#8221;&#8221; height=&#8221;50px&#8221;][vc_custom_heading text=&#8221;O Programa&#8221; font_container=&#8221;tag:h2|font_size:50px|text_align:left|color:%23ffffff&#8221; google_fonts=&#8221;font_family:Indie%20Flower%3Aregular|font_style:400%20regular%3A400%3Anormal&#8221; css=&#8221;.vc_custom_1531517899534{padding-left: 0px !important;}&#8221;][vc_custom_heading text=&#8221;O programa + Saber | De bem com o bolso vai ajudar voc\u00ea entender melhor como a Educa\u00e7\u00e3o Financeira e Previdenci\u00e1ria pode ajudar voc\u00ea a melhorar sua qualidade de vida no presente e no futuro.&#8221; font_container=&#8221;tag:p|font_size:20px|text_align:left|color:%23f0b017&#8243; google_fonts=&#8221;font_family:Indie%20Flower%3Aregular|font_style:400%20regular%3A400%3Anormal&#8221; css=&#8221;.vc_custom_1531517905213{padding-left: 0px !important;}&#8221;][vc_empty_space height=&#8221;50px&#8221;][\/vc_column][\/vc_row][vc_row css=&#8221;.vc_custom_1501785375148{margin-top: 100px !important;}&#8221;][vc_column width=&#8221;1\/2&#8243;][vc_gallery images=&#8221;1723&#8243; img_size=&#8221;full&#8221; onclick=&#8221;&#8221;][\/vc_column][vc_column width=&#8221;1\/2&#8243;][vc_custom_heading stripe_pos=&#8221;hide&#8221; text=&#8221;O Metrus criou o + Saber | De bem com o bolso, para contribuir com a capacita\u00e7\u00e3o de seus participantes sobre a finan\u00e7as e previd\u00eancia, propiciando mudan\u00e7a de atitudes e h\u00e1bitos culturais. O objetivo espec\u00edfico do programa \u00e9 orientar participantes e seus familiares visando estimular a forma\u00e7\u00e3o de maior poupan\u00e7a previdenci\u00e1ria, o planejamento da aposentadoria, e tamb\u00e9m conscientizar sobre a utiliza\u00e7\u00e3o racional do dinheiro.<\/p>\n<p>&#8221; font_container=&#8221;tag:p|font_size:15px|text_align:left&#8221; google_fonts=&#8221;font_family:Ubuntu%3A300%2C300italic%2Cregular%2Citalic%2C500%2C500italic%2C700%2C700italic|font_style:400%20regular%3A400%3Anormal&#8221;][\/vc_column][\/vc_row]<\/p>\n","protected":false},"excerpt":{"rendered":"<p>[vc_row full_width=&#8221;stretch_row_content&#8221; css=&#8221;.vc_custom_1543855636101{margin-top: -300px !important;background-image: url(https:\/\/www.metrus.org.br\/maissaber\/wp-content\/uploads\/2018\/12\/_0_.jpg?id=2274) !important;}&#8221;][vc_column width=&#8221;5\/6&#8243; offset=&#8221;vc_hidden-md vc_hidden-sm vc_hidden-xs&#8221;][vc_empty_space 0=&#8221;&#8221; height=&#8221;50px&#8221;][vc_custom_heading text=&#8221;O Programa&#8221; font_container=&#8221;tag:h2|font_size:50px|text_align:left|color:%23ffffff&#8221; google_fonts=&#8221;font_family:Indie%20Flower%3Aregular|font_style:400%20regular%3A400%3Anormal&#8221; css=&#8221;.vc_custom_1501784986626{padding-left: 400px !important;}&#8221;][vc_custom_heading text=&#8221;O programa + Saber | De bem com o bolso vai ajudar voc\u00ea entender melhor como a Educa\u00e7\u00e3o Financeira e Previdenci\u00e1ria pode ajudar voc\u00ea a melhorar sua qualidade de vida no presente e no futuro.&#8221;<\/p>\n","protected":false},"author":1,"featured_media":0,"parent":0,"menu_order":0,"comment_status":"closed","ping_status":"closed","template":"","meta":[],"_links":{"self":[{"href":"https:\/\/www.metrus.org.br\/maissaber\/index.php\/wp-json\/wp\/v2\/pages\/1721"}],"collection":[{"href":"https:\/\/www.metrus.org.br\/maissaber\/index.php\/wp-json\/wp\/v2\/pages"}],"about":[{"href":"https:\/\/www.metrus.org.br\/maissaber\/index.php\/wp-json\/wp\/v2\/types\/page"}],"author":[{"embeddable":true,"href":"https:\/\/www.metrus.org.br\/maissaber\/index.php\/wp-json\/wp\/v2\/users\/1"}],"replies":[{"embeddable":true,"href":"https:\/\/www.metrus.org.br\/maissaber\/index.php\/wp-json\/wp\/v2\/comments?post=1721"}],"version-history":[{"count":13,"href":"https:\/\/www.metrus.org.br\/maissaber\/index.php\/wp-json\/wp\/v2\/pages\/1721\/revisions"}],"predecessor-version":[{"id":2288,"href":"https:\/\/www.metrus.org.br\/maissaber\/index.php\/wp-json\/wp\/v2\/pages\/1721\/revisions\/2288"}],"wp:attachment":[{"href":"https:\/\/www.metrus.org.br\/maissaber\/index.php\/wp-json\/wp\/v2\/media?parent=1721"}],"curies":[{"name":"wp","href":"https:\/\/api.w.org\/{rel}","templated":true}]}}