{"id":1729,"date":"2017-08-03T15:38:33","date_gmt":"2017-08-03T18:38:33","guid":{"rendered":"http:\/\/maissaber.orbe.tech\/?page_id=1729"},"modified":"2024-01-08T17:26:23","modified_gmt":"2024-01-08T20:26:23","slug":"financas","status":"publish","type":"page","link":"https:\/\/www.metrus.org.br\/maissaber\/index.php\/financas\/","title":{"rendered":"Finan\u00e7as"},"content":{"rendered":"<p>[vc_row full_width=&#8221;stretch_row_content&#8221; css=&#8221;.vc_custom_1543855325225{background-image: url(https:\/\/www.metrus.org.br\/maissaber\/wp-content\/uploads\/2018\/12\/_0_.jpg?id=2274) !important;}&#8221;][vc_column width=&#8221;5\/6&#8243; css=&#8221;.vc_custom_1502126435262{margin-top: 0px !important;}&#8221; offset=&#8221;vc_hidden-md vc_hidden-sm vc_hidden-xs&#8221;][vc_empty_space height=&#8221;50px&#8221;][vc_custom_heading text=&#8221;Finan\u00e7as&#8221; font_container=&#8221;tag:h2|font_size:50px|text_align:left|color:%23ffffff&#8221; google_fonts=&#8221;font_family:Indie%20Flower%3Aregular|font_style:400%20regular%3A400%3Anormal&#8221; css=&#8221;.vc_custom_1502126407524{padding-left: 400px !important;}&#8221;][vc_custom_heading text=&#8221;Planejar, elaborar or\u00e7amento, entender e controlar gastos, comprar conscientemente, todos esses s\u00e3o h\u00e1bitos que facilitam o caminho para a sa\u00fade financeira. O programa + Saber oferece a voc\u00ea todas as informa\u00e7\u00f5es necess\u00e1rias para atingir esse objetivo.&#8221; font_container=&#8221;tag:p|font_size:20px|text_align:left|color:%23f0b017&#8243; google_fonts=&#8221;font_family:Indie%20Flower%3Aregular|font_style:400%20regular%3A400%3Anormal&#8221; css=&#8221;.vc_custom_1502126417991{padding-left: 400px !important;}&#8221;][vc_empty_space height=&#8221;50px&#8221;][\/vc_column][\/vc_row][vc_row full_width=&#8221;stretch_row_content&#8221; css=&#8221;.vc_custom_1543855341888{background-image: url(https:\/\/www.metrus.org.br\/maissaber\/wp-content\/uploads\/2018\/12\/_0_.jpg?id=2274) !important;}&#8221;][vc_column width=&#8221;5\/6&#8243; css=&#8221;.vc_custom_1502126444542{margin-top: 0px !important;}&#8221; offset=&#8221;vc_hidden-lg&#8221;][vc_empty_space height=&#8221;50px&#8221;][vc_custom_heading text=&#8221;Finan\u00e7as&#8221; font_container=&#8221;tag:h2|font_size:50px|text_align:left|color:%23ffffff&#8221; google_fonts=&#8221;font_family:Indie%20Flower%3Aregular|font_style:400%20regular%3A400%3Anormal&#8221;][vc_custom_heading text=&#8221;Planejar, elaborar or\u00e7amento, entender e controlar gastos, comprar conscientemente, todos esses s\u00e3o h\u00e1bitos que facilitam o caminho para a sa\u00fade financeira. O programa + Saber oferece a voc\u00ea todas as informa\u00e7\u00f5es necess\u00e1rias para atingir esse objetivo.&#8221; font_container=&#8221;tag:p|font_size:20px|text_align:left|color:%23f0b017&#8243; google_fonts=&#8221;font_family:Indie%20Flower%3Aregular|font_style:400%20regular%3A400%3Anormal&#8221;][vc_empty_space height=&#8221;50px&#8221;][\/vc_column][\/vc_row][vc_row][vc_column width=&#8221;1\/3&#8243;][stm_info_box icon=&#8221;fa fa-download&#8221; link=&#8221;url:https%3A%2F%2Fwww.metrus.org.br%2Fmaissaber%2Fwp-content%2Fuploads%2F2021%2F11%2F_0_.pdf|title:Download|target:%20_blank|&#8221;]<\/p>\n<h3 class=\"ng-binding\">Planilha de controle financeiro<\/h3>\n<div class=\"ng-binding\">Fa\u00e7a o download da Planilha de Controle Financeiro. Anote os gastos mensais e saiba como administrar melhor o seu dinheiro.<\/div>\n<p>[\/stm_info_box][stm_info_box icon=&#8221;fa fa-download&#8221; link=&#8221;url:http%3A%2F%2Fwww.metrus.org.br%2Fmaissaber%2Fwp-content%2Fuploads%2F2018%2F02%2Fpalestra_previdencia_complementar.pdf|title:Download|target:%20_blank|rel:nofollow&#8221;]<\/p>\n<h3 class=\"ng-binding\">Palestra: Nossas d\u00edvidas e\u00a0nossos dilemas<\/h3>\n<div class=\"ng-binding\">Conte\u00fado da palestra realizada na 4\u00aa Semana de Educa\u00e7\u00e3o Financeira e Previdenci\u00e1ria do Metrus (Outubro\/2021).<\/div>\n<p>[\/stm_info_box][stm_info_box icon=&#8221;fa fa-download&#8221; link=&#8221;url:https%3A%2F%2Fwww.metrus.org.br%2Fmaissaber%2Fwp-content%2Fuploads%2F2021%2F11%2F_0_-3.pdf|title:Download|target:%20_blank|&#8221;]<\/p>\n<h3 class=\"ng-binding\">Palestra: Investimentos de longo prazo<\/h3>\n<div class=\"ng-binding\">Conte\u00fado da palestra realizada na 4\u00aa Semana de Educa\u00e7\u00e3o Financeira e Previdenci\u00e1ria do Metrus (Outubro\/2021).<\/div>\n<p>[\/stm_info_box][stm_info_box icon=&#8221;fa fa-download&#8221; link=&#8221;url:http%3A%2F%2Fwww.metrus.org.br%2Fmaissaber%2Fwp-content%2Fuploads%2F2018%2F02%2FPLANILHA-DE-DESPESAS-METRUS.xlsx|title:Download||&#8221;]<\/p>\n<h3 class=\"ng-binding\">Previd\u00eancia complementar no Brasil<\/h3>\n<div class=\"ng-binding\">Conte\u00fado da palestra realizada na 1\u00aa Semana de Educa\u00e7\u00e3o Financeira e Previdenci\u00e1ria do Metrus (Setembro\/2017)<\/div>\n<p>[\/stm_info_box][\/vc_column][vc_column width=&#8221;1\/3&#8243;][stm_info_box icon=&#8221;fa fa-download&#8221; link=&#8221;url:https%3A%2F%2Fwww.metrus.org.br%2Fmaissaber%2Fwp-content%2Fuploads%2F2021%2F11%2F_0_-1.pdf|title:Download|target:%20_blank|&#8221;]<\/p>\n<h3 class=\"ng-binding\">Palestra: Fa\u00e7a poupan\u00e7a de emerg\u00eancia<\/h3>\n<div class=\"ng-binding\">Conte\u00fado da palestra realizada na 4\u00aa Semana de Educa\u00e7\u00e3o Financeira e Previdenci\u00e1ria do Metrus (Outubro\/2021).<\/div>\n<p>[\/stm_info_box][stm_info_box icon=&#8221;fa fa-download&#8221; link=&#8221;url:https%3A%2F%2Fwww.metrus.org.br%2Fmaissaber%2Fwp-content%2Fuploads%2F2021%2F11%2F_0_-4.pdf|title:Download|target:%20_blank|&#8221;]<\/p>\n<h3 class=\"ng-binding\">Palestra: Longevidade e Empreendedorismo<\/h3>\n<div class=\"ng-binding\">Conte\u00fado da palestra realizada na 4\u00aa Semana de Educa\u00e7\u00e3o Financeira e Previdenci\u00e1ria do Metrus (Outubro\/2021).<\/div>\n<p>[\/stm_info_box][stm_info_box icon=&#8221;fa fa-download&#8221; link=&#8221;url:http%3A%2F%2Fwww.metrus.org.br%2Fmaissaber%2Fwp-content%2Fuploads%2F2018%2F02%2Fpalestra_como_se_livrar_das_dividas.pdf|title:Download|target:%20_blank|&#8221;]<\/p>\n<h3 class=\"ng-binding\">Como se livrar das d\u00edvidas<\/h3>\n<div class=\"ng-binding\">Conte\u00fado da palestra realizada na 1\u00aa Semana de Educa\u00e7\u00e3o Financeira e Previdenci\u00e1ria do Metrus (Setembro\/2017)<\/div>\n<p>[\/stm_info_box][stm_info_box icon=&#8221;fa fa-download&#8221; link=&#8221;url:http%3A%2F%2Fwww.metrus.org.br%2Fmaissaber%2Fwp-content%2Fuploads%2F2018%2F02%2Fpalestra_empreendedorismo_aposentadoria.pdf|title:Download|target:%20_blank|rel:nofollow&#8221;]<\/p>\n<h3 class=\"ng-binding\">Planejamento e empreendedorismo na aposentadoria<\/h3>\n<div class=\"ng-binding\">Conte\u00fado da palestra realizada na 1\u00aa Semana de Educa\u00e7\u00e3o Financeira e Previdenci\u00e1ria do Metrus (Setembro\/2017)<\/div>\n<p>[\/stm_info_box][\/vc_column][vc_column width=&#8221;1\/3&#8243;][stm_info_box icon=&#8221;fa fa-download&#8221; link=&#8221;url:https%3A%2F%2Fwww.metrus.org.br%2Fmaissaber%2Fwp-content%2Fuploads%2F2021%2F11%2F_0_-2.pdf|title:Download|target:%20_blank|&#8221;]<\/p>\n<h3 class=\"ng-binding\">Palestra: Seguros e previd\u00eancia<\/h3>\n<div class=\"ng-binding\">Conte\u00fado da palestra realizada na 4\u00aa Semana de Educa\u00e7\u00e3o Financeira e Previdenci\u00e1ria do Metrus (Outubro\/2021).<\/div>\n<p>[\/stm_info_box][stm_info_box icon=&#8221;fa fa-download&#8221; link=&#8221;url:https%3A%2F%2Fwww.metrus.org.br%2Fmaissaber%2Fwp-content%2Fuploads%2F2021%2F11%2F_0_-5.pdf|title:Download|target:%20_blank|&#8221;]<\/p>\n<h3 class=\"ng-binding\">Perguntas e Respostas &#8211; 4\u00aa Semana<\/h3>\n<div class=\"ng-binding\">Perguntas e respostas realizada na 4\u00aa Semana de Educa\u00e7\u00e3o Financeira e Previdenci\u00e1ria do Metrus (Outubro\/2021).<\/div>\n<p>[\/stm_info_box][stm_info_box icon=&#8221;fa fa-download&#8221; link=&#8221;url:http%3A%2F%2Fwww.metrus.org.br%2Fmaissaber%2Fwp-content%2Fuploads%2F2018%2F02%2Fpalestra_mitos_e_verdades_sobre_investimentos.pdf|title:Download|target:%20_blank|&#8221;]<\/p>\n<h3 class=\"ng-binding\">Mitos e Verdades sobre Investimentos<\/h3>\n<div class=\"ng-binding\">Conte\u00fado da palestra realizada na 1\u00aa Semana de Educa\u00e7\u00e3o Financeira e Previdenci\u00e1ria do Metrus (Setembro\/2017).<\/div>\n<p>[\/stm_info_box][stm_info_box icon=&#8221;fa fa-download&#8221; link=&#8221;url:http%3A%2F%2Fwww.metrus.org.br%2Fmaissaber%2Fwp-content%2Fuploads%2F2018%2F04%2FPrevid%C3%AAncia-%C3%A9-Coisa-de-Jovem-Metrus-v2.pdf|title:Download|target:%20_blank|&#8221;]<\/p>\n<h3 class=\"ng-binding\">Previd\u00eancia \u00e9 Coisa de Jovem<\/h3>\n<div class=\"ng-binding\">Conte\u00fado da palestra &#8220;Previd\u00eancia \u00e9 Coisa de Jovem&#8221;, ministrada pelo\u00a0Diretor Executivo da Abrapp &#8211; Associa\u00e7\u00e3o Brasileira das Entidades Fechadas de Previd\u00eancia Complementar, Lucas Ferraz N\u00f3brega.<\/div>\n<p>[\/stm_info_box][\/vc_column][\/vc_row]<\/p>\n","protected":false},"excerpt":{"rendered":"<p>[vc_row full_width=&#8221;stretch_row_content&#8221; css=&#8221;.vc_custom_1543855325225{background-image: url(https:\/\/www.metrus.org.br\/maissaber\/wp-content\/uploads\/2018\/12\/_0_.jpg?id=2274) !important;}&#8221;][vc_column width=&#8221;5\/6&#8243; css=&#8221;.vc_custom_1502126435262{margin-top: 0px !important;}&#8221; offset=&#8221;vc_hidden-md vc_hidden-sm vc_hidden-xs&#8221;][vc_empty_space height=&#8221;50px&#8221;][vc_custom_heading text=&#8221;Finan\u00e7as&#8221; font_container=&#8221;tag:h2|font_size:50px|text_align:left|color:%23ffffff&#8221; google_fonts=&#8221;font_family:Indie%20Flower%3Aregular|font_style:400%20regular%3A400%3Anormal&#8221; css=&#8221;.vc_custom_1502126407524{padding-left: 400px !important;}&#8221;][vc_custom_heading text=&#8221;Planejar, elaborar or\u00e7amento, entender e controlar gastos, comprar conscientemente, todos esses s\u00e3o h\u00e1bitos que facilitam o caminho para a sa\u00fade financeira. O programa + Saber oferece a voc\u00ea todas as informa\u00e7\u00f5es necess\u00e1rias para atingir esse objetivo.&#8221;<\/p>\n","protected":false},"author":1,"featured_media":0,"parent":0,"menu_order":0,"comment_status":"closed","ping_status":"closed","template":"","meta":[],"_links":{"self":[{"href":"https:\/\/www.metrus.org.br\/maissaber\/index.php\/wp-json\/wp\/v2\/pages\/1729"}],"collection":[{"href":"https:\/\/www.metrus.org.br\/maissaber\/index.php\/wp-json\/wp\/v2\/pages"}],"about":[{"href":"https:\/\/www.metrus.org.br\/maissaber\/index.php\/wp-json\/wp\/v2\/types\/page"}],"author":[{"embeddable":true,"href":"https:\/\/www.metrus.org.br\/maissaber\/index.php\/wp-json\/wp\/v2\/users\/1"}],"replies":[{"embeddable":true,"href":"https:\/\/www.metrus.org.br\/maissaber\/index.php\/wp-json\/wp\/v2\/comments?post=1729"}],"version-history":[{"count":34,"href":"https:\/\/www.metrus.org.br\/maissaber\/index.php\/wp-json\/wp\/v2\/pages\/1729\/revisions"}],"predecessor-version":[{"id":2328,"href":"https:\/\/www.metrus.org.br\/maissaber\/index.php\/wp-json\/wp\/v2\/pages\/1729\/revisions\/2328"}],"wp:attachment":[{"href":"https:\/\/www.metrus.org.br\/maissaber\/index.php\/wp-json\/wp\/v2\/media?parent=1729"}],"curies":[{"name":"wp","href":"https:\/\/api.w.org\/{rel}","templated":true}]}}