{"id":1737,"date":"2017-08-03T15:51:51","date_gmt":"2017-08-03T18:51:51","guid":{"rendered":"http:\/\/maissaber.orbe.tech\/?page_id=1737"},"modified":"2018-12-03T14:46:21","modified_gmt":"2018-12-03T16:46:21","slug":"previdencia","status":"publish","type":"page","link":"https:\/\/www.metrus.org.br\/maissaber\/index.php\/previdencia\/","title":{"rendered":"Previd\u00eancia"},"content":{"rendered":"<p>[vc_row full_width=&#8221;stretch_row_content&#8221; css=&#8221;.vc_custom_1543855555743{background-image: url(https:\/\/www.metrus.org.br\/maissaber\/wp-content\/uploads\/2018\/12\/_0_.jpg?id=2274) !important;}&#8221;][vc_column width=&#8221;5\/6&#8243; css=&#8221;.vc_custom_1502126664766{margin-top: 0px !important;}&#8221; offset=&#8221;vc_hidden-md vc_hidden-sm vc_hidden-xs&#8221;][vc_empty_space height=&#8221;50px&#8221;][vc_custom_heading text=&#8221;PREVID\u00caNCIA&#8221; font_container=&#8221;tag:h2|font_size:50px|text_align:left|color:%23ffffff&#8221; google_fonts=&#8221;font_family:Indie%20Flower%3Aregular|font_style:400%20regular%3A400%3Anormal&#8221; css=&#8221;.vc_custom_1501786345328{padding-left: 400px !important;}&#8221;][vc_custom_heading text=&#8221;Conhe\u00e7a os materiais desenvolvidos pelo Metrus e por \u00f3rg\u00e3os oficiais com o intuito de informar e esclarecer tudo sobre seu plano de previd\u00eancia.&#8221; font_container=&#8221;tag:p|font_size:20px|text_align:left|color:%23f0b017&#8243; google_fonts=&#8221;font_family:Indie%20Flower%3Aregular|font_style:400%20regular%3A400%3Anormal&#8221; css=&#8221;.vc_custom_1501786359785{padding-left: 400px !important;}&#8221;][vc_empty_space height=&#8221;50px&#8221;][\/vc_column][\/vc_row][vc_row full_width=&#8221;stretch_row_content&#8221; css=&#8221;.vc_custom_1543855576669{background-image: url(https:\/\/www.metrus.org.br\/maissaber\/wp-content\/uploads\/2018\/12\/_0_.jpg?id=2274) !important;}&#8221;][vc_column width=&#8221;5\/6&#8243; css=&#8221;.vc_custom_1502126674014{margin-top: 0px !important;}&#8221; offset=&#8221;vc_hidden-lg&#8221;][vc_empty_space height=&#8221;50px&#8221;][vc_custom_heading text=&#8221;PREVID\u00caNCIA&#8221; font_container=&#8221;tag:h2|font_size:50px|text_align:left|color:%23ffffff&#8221; google_fonts=&#8221;font_family:Indie%20Flower%3Aregular|font_style:400%20regular%3A400%3Anormal&#8221;][vc_custom_heading text=&#8221;Conhe\u00e7a os materiais desenvolvidos pelo Metrus e por \u00f3rg\u00e3os oficiais com o intuito de informar e esclarecer tudo sobre seu plano de previd\u00eancia.&#8221; font_container=&#8221;tag:p|font_size:20px|text_align:left|color:%23f0b017&#8243; google_fonts=&#8221;font_family:Indie%20Flower%3Aregular|font_style:400%20regular%3A400%3Anormal&#8221;][vc_empty_space height=&#8221;50px&#8221;][\/vc_column][\/vc_row][vc_row][vc_column width=&#8221;1\/3&#8243;][stm_info_box icon=&#8221;fa fa-download&#8221; link=&#8221;url:http%3A%2F%2Fwww.metrus.org.br%2Fpainel%2Fview%2Ffiles%2Fprevidencia%2Fguia_do_participante-alta_com-marca-corte_final_ok.pdf|title:Confira|target:%20_blank|&#8221;]<\/p>\n<h3 class=\"ng-binding\">Guia do Participante &#8211; Previc<\/h3>\n<div class=\"ng-binding\">Conhe\u00e7a as principais caracter\u00edsticas de um fundo de pens\u00e3o e como se processa a fiscaliza\u00e7\u00e3o de suas atividades, neste guia elaborado pela Secretaria de Previd\u00eancia Complementar.<\/div>\n<p>[\/stm_info_box][\/vc_column][vc_column width=&#8221;1\/3&#8243;][stm_info_box icon=&#8221;fa fa-download&#8221; link=&#8221;url:http%3A%2F%2Fwww.metrus.org.br%2Fpainel%2Fview%2Ffiles%2Fprevidencia%2Fmanual_do_participante_2017_web.pdf|title:Confira|target:%20_blank|&#8221;]<\/p>\n<h3 class=\"ng-binding\">Manual do Participante do Plano II<\/h3>\n<div class=\"ng-binding\">As principais informa\u00e7\u00f5es do Plano II resumidas e explicadas num manual feito para voc\u00ea.<\/div>\n<p>[\/stm_info_box][\/vc_column][vc_column width=&#8221;1\/3&#8243;][stm_info_box icon=&#8221;fa fa-download&#8221; link=&#8221;url:http%3A%2F%2Fwww.metrus.org.br%2Fpainel%2Fview%2Ffiles%2Fprevidencia%2Fregulamento_plano_ii20171009105652.pdf|title:Confira|target:%20_blank|&#8221;]<\/p>\n<h3 class=\"ng-binding\">Regulamento Plano II<\/h3>\n<div class=\"ng-binding\">Neste documento voc\u00ea encontra todas as informa\u00e7\u00f5es do Plano de Benef\u00edcios II da Previd\u00eancia Complementar do Metrus.<\/div>\n<p>[\/stm_info_box][\/vc_column][\/vc_row][vc_row][vc_column width=&#8221;1\/3&#8243;][stm_info_box icon=&#8221;fa fa-download&#8221; link=&#8221;url:http%3A%2F%2Fwww.metrus.org.br%2Fpainel%2Fview%2Ffiles%2Fprevidencia%2Faf_reg_plano_i_v6-alt.pdf|title:confira|target:%20_blank|&#8221;]<\/p>\n<h3 class=\"ng-binding\">Regulamento Plano I<\/h3>\n<div class=\"ng-binding\">Neste documento voc\u00ea encontra todas as informa\u00e7\u00f5es sobre o Plano de Benef\u00edcios I da Previd\u00eancia Complementar do Metrus.<\/div>\n<p>[\/stm_info_box][\/vc_column][vc_column width=&#8221;1\/3&#8243;][\/vc_column][vc_column width=&#8221;1\/3&#8243;][\/vc_column][\/vc_row]<\/p>\n","protected":false},"excerpt":{"rendered":"<p>[vc_row full_width=&#8221;stretch_row_content&#8221; css=&#8221;.vc_custom_1543855555743{background-image: url(https:\/\/www.metrus.org.br\/maissaber\/wp-content\/uploads\/2018\/12\/_0_.jpg?id=2274) !important;}&#8221;][vc_column width=&#8221;5\/6&#8243; css=&#8221;.vc_custom_1502126664766{margin-top: 0px !important;}&#8221; offset=&#8221;vc_hidden-md vc_hidden-sm vc_hidden-xs&#8221;][vc_empty_space height=&#8221;50px&#8221;][vc_custom_heading text=&#8221;PREVID\u00caNCIA&#8221; font_container=&#8221;tag:h2|font_size:50px|text_align:left|color:%23ffffff&#8221; google_fonts=&#8221;font_family:Indie%20Flower%3Aregular|font_style:400%20regular%3A400%3Anormal&#8221; css=&#8221;.vc_custom_1501786345328{padding-left: 400px !important;}&#8221;][vc_custom_heading text=&#8221;Conhe\u00e7a os materiais desenvolvidos pelo Metrus e por \u00f3rg\u00e3os oficiais com o intuito de informar e esclarecer tudo sobre seu plano de previd\u00eancia.&#8221; font_container=&#8221;tag:p|font_size:20px|text_align:left|color:%23f0b017&#8243; google_fonts=&#8221;font_family:Indie%20Flower%3Aregular|font_style:400%20regular%3A400%3Anormal&#8221; css=&#8221;.vc_custom_1501786359785{padding-left: 400px !important;}&#8221;][vc_empty_space height=&#8221;50px&#8221;][\/vc_column][\/vc_row][vc_row full_width=&#8221;stretch_row_content&#8221; css=&#8221;.vc_custom_1543855576669{background-image: url(https:\/\/www.metrus.org.br\/maissaber\/wp-content\/uploads\/2018\/12\/_0_.jpg?id=2274) !important;}&#8221;][vc_column width=&#8221;5\/6&#8243; css=&#8221;.vc_custom_1502126674014{margin-top: 0px<\/p>\n","protected":false},"author":1,"featured_media":0,"parent":0,"menu_order":0,"comment_status":"closed","ping_status":"closed","template":"","meta":[],"_links":{"self":[{"href":"https:\/\/www.metrus.org.br\/maissaber\/index.php\/wp-json\/wp\/v2\/pages\/1737"}],"collection":[{"href":"https:\/\/www.metrus.org.br\/maissaber\/index.php\/wp-json\/wp\/v2\/pages"}],"about":[{"href":"https:\/\/www.metrus.org.br\/maissaber\/index.php\/wp-json\/wp\/v2\/types\/page"}],"author":[{"embeddable":true,"href":"https:\/\/www.metrus.org.br\/maissaber\/index.php\/wp-json\/wp\/v2\/users\/1"}],"replies":[{"embeddable":true,"href":"https:\/\/www.metrus.org.br\/maissaber\/index.php\/wp-json\/wp\/v2\/comments?post=1737"}],"version-history":[{"count":14,"href":"https:\/\/www.metrus.org.br\/maissaber\/index.php\/wp-json\/wp\/v2\/pages\/1737\/revisions"}],"predecessor-version":[{"id":2287,"href":"https:\/\/www.metrus.org.br\/maissaber\/index.php\/wp-json\/wp\/v2\/pages\/1737\/revisions\/2287"}],"wp:attachment":[{"href":"https:\/\/www.metrus.org.br\/maissaber\/index.php\/wp-json\/wp\/v2\/media?parent=1737"}],"curies":[{"name":"wp","href":"https:\/\/api.w.org\/{rel}","templated":true}]}}