{"id":1773,"date":"2017-08-03T16:04:23","date_gmt":"2017-08-03T19:04:23","guid":{"rendered":"http:\/\/maissaber.orbe.tech\/?page_id=1773"},"modified":"2018-12-03T14:36:12","modified_gmt":"2018-12-03T16:36:12","slug":"destaques","status":"publish","type":"page","link":"https:\/\/www.metrus.org.br\/maissaber\/index.php\/destaques\/","title":{"rendered":"Destaques"},"content":{"rendered":"<p>[vc_row full_width=&#8221;stretch_row_content&#8221; css=&#8221;.vc_custom_1543854945986{background-image: url(https:\/\/www.metrus.org.br\/maissaber\/wp-content\/uploads\/2018\/12\/_0_.jpg?id=2274) !important;}&#8221;][vc_column width=&#8221;5\/6&#8243; css=&#8221;.vc_custom_1502126764556{margin-top: 0px !important;}&#8221; offset=&#8221;vc_hidden-md vc_hidden-sm vc_hidden-xs&#8221;][vc_empty_space 0=&#8221;&#8221; height=&#8221;50px&#8221;][vc_custom_heading text=&#8221;Destaques&#8221; font_container=&#8221;tag:h2|font_size:50px|text_align:left|color:%23ffffff&#8221; google_fonts=&#8221;font_family:Indie%20Flower%3Aregular|font_style:400%20regular%3A400%3Anormal&#8221; css=&#8221;.vc_custom_1501788010331{padding-left: 400px !important;}&#8221;][vc_custom_heading text=&#8221;Acompanhe as dicas, not\u00edcias, artigos diversos e fique de olho nas informa\u00e7\u00f5es mais relevantes sobre previd\u00eancia e finan\u00e7as.&#8221; font_container=&#8221;tag:p|font_size:20px|text_align:left|color:%23f0b017&#8243; google_fonts=&#8221;font_family:Indie%20Flower%3Aregular|font_style:400%20regular%3A400%3Anormal&#8221; css=&#8221;.vc_custom_1501788023653{padding-left: 400px !important;}&#8221;][vc_empty_space height=&#8221;50px&#8221;][\/vc_column][\/vc_row][vc_row full_width=&#8221;stretch_row_content&#8221; css=&#8221;.vc_custom_1543854968306{background-image: url(https:\/\/www.metrus.org.br\/maissaber\/wp-content\/uploads\/2018\/12\/_0_.jpg?id=2274) !important;}&#8221;][vc_column width=&#8221;5\/6&#8243; css=&#8221;.vc_custom_1502126776902{margin-top: 0px !important;}&#8221; offset=&#8221;vc_hidden-lg&#8221;][vc_empty_space 0=&#8221;&#8221; height=&#8221;50px&#8221;][vc_custom_heading text=&#8221;Destaques&#8221; font_container=&#8221;tag:h2|font_size:50px|text_align:left|color:%23ffffff&#8221; google_fonts=&#8221;font_family:Indie%20Flower%3Aregular|font_style:400%20regular%3A400%3Anormal&#8221;][vc_custom_heading text=&#8221;Acompanhe as dicas, not\u00edcias, artigos diversos e fique de olho nas informa\u00e7\u00f5es mais relevantes sobre previd\u00eancia e finan\u00e7as.&#8221; font_container=&#8221;tag:p|font_size:20px|text_align:left|color:%23f0b017&#8243; google_fonts=&#8221;font_family:Indie%20Flower%3Aregular|font_style:400%20regular%3A400%3Anormal&#8221;][vc_empty_space height=&#8221;50px&#8221;][\/vc_column][\/vc_row][vc_row css=&#8221;.vc_custom_1501788187452{margin-top: 70px !important;}&#8221;][vc_column][vc_basic_grid post_type=&#8221;post&#8221; max_items=&#8221;-1&#8243; style=&#8221;lazy&#8221; items_per_page=&#8221;100&#8243; item=&#8221;basicGrid_SlideBottomWithIcon&#8221; grid_id=&#8221;vc_gid:1543854922766-4ddd7910-81ee-0&#8243;][\/vc_column][\/vc_row]<\/p>\n","protected":false},"excerpt":{"rendered":"<p>[vc_row full_width=&#8221;stretch_row_content&#8221; css=&#8221;.vc_custom_1543854945986{background-image: url(https:\/\/www.metrus.org.br\/maissaber\/wp-content\/uploads\/2018\/12\/_0_.jpg?id=2274) !important;}&#8221;][vc_column width=&#8221;5\/6&#8243; css=&#8221;.vc_custom_1502126764556{margin-top: 0px !important;}&#8221; offset=&#8221;vc_hidden-md vc_hidden-sm vc_hidden-xs&#8221;][vc_empty_space 0=&#8221;&#8221; height=&#8221;50px&#8221;][vc_custom_heading text=&#8221;Destaques&#8221; font_container=&#8221;tag:h2|font_size:50px|text_align:left|color:%23ffffff&#8221; google_fonts=&#8221;font_family:Indie%20Flower%3Aregular|font_style:400%20regular%3A400%3Anormal&#8221; css=&#8221;.vc_custom_1501788010331{padding-left: 400px !important;}&#8221;][vc_custom_heading text=&#8221;Acompanhe as dicas, not\u00edcias, artigos diversos e fique de olho nas informa\u00e7\u00f5es mais relevantes sobre previd\u00eancia e finan\u00e7as.&#8221; font_container=&#8221;tag:p|font_size:20px|text_align:left|color:%23f0b017&#8243; google_fonts=&#8221;font_family:Indie%20Flower%3Aregular|font_style:400%20regular%3A400%3Anormal&#8221; css=&#8221;.vc_custom_1501788023653{padding-left: 400px !important;}&#8221;][vc_empty_space height=&#8221;50px&#8221;][\/vc_column][\/vc_row][vc_row full_width=&#8221;stretch_row_content&#8221; css=&#8221;.vc_custom_1543854968306{background-image: url(https:\/\/www.metrus.org.br\/maissaber\/wp-content\/uploads\/2018\/12\/_0_.jpg?id=2274) !important;}&#8221;][vc_column width=&#8221;5\/6&#8243; css=&#8221;.vc_custom_1502126776902{margin-top: 0px !important;}&#8221; offset=&#8221;vc_hidden-lg&#8221;][vc_empty_space 0=&#8221;&#8221; height=&#8221;50px&#8221;][vc_custom_heading<\/p>\n","protected":false},"author":1,"featured_media":0,"parent":0,"menu_order":0,"comment_status":"closed","ping_status":"closed","template":"","meta":[],"_links":{"self":[{"href":"https:\/\/www.metrus.org.br\/maissaber\/index.php\/wp-json\/wp\/v2\/pages\/1773"}],"collection":[{"href":"https:\/\/www.metrus.org.br\/maissaber\/index.php\/wp-json\/wp\/v2\/pages"}],"about":[{"href":"https:\/\/www.metrus.org.br\/maissaber\/index.php\/wp-json\/wp\/v2\/types\/page"}],"author":[{"embeddable":true,"href":"https:\/\/www.metrus.org.br\/maissaber\/index.php\/wp-json\/wp\/v2\/users\/1"}],"replies":[{"embeddable":true,"href":"https:\/\/www.metrus.org.br\/maissaber\/index.php\/wp-json\/wp\/v2\/comments?post=1773"}],"version-history":[{"count":10,"href":"https:\/\/www.metrus.org.br\/maissaber\/index.php\/wp-json\/wp\/v2\/pages\/1773\/revisions"}],"predecessor-version":[{"id":2279,"href":"https:\/\/www.metrus.org.br\/maissaber\/index.php\/wp-json\/wp\/v2\/pages\/1773\/revisions\/2279"}],"wp:attachment":[{"href":"https:\/\/www.metrus.org.br\/maissaber\/index.php\/wp-json\/wp\/v2\/media?parent=1773"}],"curies":[{"name":"wp","href":"https:\/\/api.w.org\/{rel}","templated":true}]}}