{"id":109,"date":"2019-09-02T14:27:18","date_gmt":"2019-09-02T17:27:18","guid":{"rendered":"https:\/\/www.metrus.org.br\/metrusfamilia\/?page_id=109"},"modified":"2020-12-11T14:32:52","modified_gmt":"2020-12-11T17:32:52","slug":"simulador-de-renda","status":"publish","type":"page","link":"https:\/\/www.metrus.org.br\/metrusfamilia\/simulador-de-renda\/","title":{"rendered":"Simulador de Renda"},"content":{"rendered":"<p><strong>Aqui voc\u00ea pode projetar seu benef\u00edcio futuro,<\/strong> indicando diferentes valores para seu aporte inicial e suas contribui\u00e7\u00f5es mensais. Altere, simule novamente e fa\u00e7a os ajustes que achar necess\u00e1rio para alcan\u00e7ar sua expectativa de renda!<\/p>\n<p>Para saber a metodologia usada para realizar as proje\u00e7\u00f5es no simulador <a href=\"https:\/\/www.metrus.org.br\/painel\/view\/files\/previdencia\/METODOLOGIASDECALCULOBENEFICIO-PlanoFamilia-VFinal_CCR_GPV.pdf\" target=\"_blank\" rel=\"noopener\">clique aqui<\/a>.<\/p>\n<p><iframe loading=\"lazy\" src=\"https:\/\/simula.metrus.org.br\/SimPerfilNet\/SimuladordeRenda.aspx\" width=\"100%\" height=\"500\" frameborder=\"0\"><span data-mce-type=\"bookmark\" style=\"display: inline-block; width: 0px; overflow: hidden; line-height: 0;\" class=\"mce_SELRES_start\">\ufeff<\/span><\/iframe><\/p>\n","protected":false},"excerpt":{"rendered":"<p>Aqui voc\u00ea pode projetar seu benef\u00edcio futuro, indicando diferentes valores para seu aporte inicial e suas contribui\u00e7\u00f5es mensais. Altere, simule novamente e fa\u00e7a os ajustes que achar necess\u00e1rio para alcan\u00e7ar sua expectativa de renda! Para saber a metodologia usada para realizar as proje\u00e7\u00f5es no simulador clique aqui. \ufeff<\/p>\n","protected":false},"author":1,"featured_media":0,"parent":0,"menu_order":0,"comment_status":"closed","ping_status":"closed","template":"","meta":[],"_links":{"self":[{"href":"https:\/\/www.metrus.org.br\/metrusfamilia\/wp-json\/wp\/v2\/pages\/109"}],"collection":[{"href":"https:\/\/www.metrus.org.br\/metrusfamilia\/wp-json\/wp\/v2\/pages"}],"about":[{"href":"https:\/\/www.metrus.org.br\/metrusfamilia\/wp-json\/wp\/v2\/types\/page"}],"author":[{"embeddable":true,"href":"https:\/\/www.metrus.org.br\/metrusfamilia\/wp-json\/wp\/v2\/users\/1"}],"replies":[{"embeddable":true,"href":"https:\/\/www.metrus.org.br\/metrusfamilia\/wp-json\/wp\/v2\/comments?post=109"}],"version-history":[{"count":6,"href":"https:\/\/www.metrus.org.br\/metrusfamilia\/wp-json\/wp\/v2\/pages\/109\/revisions"}],"predecessor-version":[{"id":176,"href":"https:\/\/www.metrus.org.br\/metrusfamilia\/wp-json\/wp\/v2\/pages\/109\/revisions\/176"}],"wp:attachment":[{"href":"https:\/\/www.metrus.org.br\/metrusfamilia\/wp-json\/wp\/v2\/media?parent=109"}],"curies":[{"name":"wp","href":"https:\/\/api.w.org\/{rel}","templated":true}]}}